{"id":459,"date":"2025-12-17T16:57:38","date_gmt":"2025-12-17T16:57:38","guid":{"rendered":"https:\/\/mieux-vivre-acouphenes.fr\/?page_id=459"},"modified":"2025-12-19T08:31:49","modified_gmt":"2025-12-19T08:31:49","slug":"a-propos-guilaine-de-smet","status":"publish","type":"page","link":"https:\/\/mieux-vivre-acouphenes.fr\/?page_id=459","title":{"rendered":"A propos &#8211; Guilaine de Smet"},"content":{"rendered":"\t\t<div data-elementor-type=\"wp-page\" data-elementor-id=\"459\" class=\"elementor elementor-459\" data-elementor-post-type=\"page\">\n\t\t\t\t<div class=\"elementor-element elementor-element-a65c70b e-flex e-con-boxed e-con e-parent\" data-id=\"a65c70b\" data-element_type=\"container\">\n\t\t\t\t\t<div class=\"e-con-inner\">\n\t\t<div class=\"elementor-element elementor-element-c2acfee e-con-full e-flex e-con e-child\" data-id=\"c2acfee\" data-element_type=\"container\">\n\t\t\t\t<div class=\"elementor-element elementor-element-0604821 elementor-widget elementor-widget-image\" data-id=\"0604821\" data-element_type=\"widget\" data-widget_type=\"image.default\">\n\t\t\t\t\t\t\t\t\t\t\t\t\t\t\t<img fetchpriority=\"high\" decoding=\"async\" width=\"350\" height=\"423\" src=\"https:\/\/mieux-vivre-acouphenes.fr\/wp-content\/uploads\/2025\/12\/guilaine2.png\" class=\"attachment-large size-large wp-image-380\" alt=\"\" srcset=\"https:\/\/mieux-vivre-acouphenes.fr\/wp-content\/uploads\/2025\/12\/guilaine2.png 350w, https:\/\/mieux-vivre-acouphenes.fr\/wp-content\/uploads\/2025\/12\/guilaine2-248x300.png 248w\" sizes=\"(max-width: 350px) 100vw, 350px\" \/>\t\t\t\t\t\t\t\t\t\t\t\t\t\t\t<\/div>\n\t\t\t\t<\/div>\n\t\t<div class=\"elementor-element elementor-element-b7117da e-con-full e-flex e-con e-child\" data-id=\"b7117da\" data-element_type=\"container\">\n\t\t\t\t<div class=\"elementor-element elementor-element-79f52d8 elementor-widget elementor-widget-heading\" data-id=\"79f52d8\" data-element_type=\"widget\" data-widget_type=\"heading.default\">\n\t\t\t\t\t<h1 class=\"elementor-heading-title elementor-size-default\">Qui suis-je ?<\/h1>\t\t\t\t<\/div>\n\t\t\t\t<div class=\"elementor-element elementor-element-aca334a elementor-widget elementor-widget-text-editor\" data-id=\"aca334a\" data-element_type=\"widget\" data-widget_type=\"text-editor.default\">\n\t\t\t\t\t\t\t\t\t<p data-start=\"367\" data-end=\"543\">Je m\u2019appelle <strong data-start=\"380\" data-end=\"400\">Guilaine de Smet<\/strong>, praticienne en hypnose et sp\u00e9cialis\u00e9e dans l\u2019accompagnement des personnes souffrant d\u2019acouph\u00e8nes, d\u2019hyperacousie et de troubles ORL associ\u00e9s.<\/p><p data-start=\"545\" data-end=\"646\">Apr\u00e8s plus de 25 ans d\u2019exp\u00e9rience aupr\u00e8s de patients, j\u2019ai d\u00e9velopp\u00e9 une approche globale qui allie :<\/p><ul data-start=\"648\" data-end=\"757\"><li data-start=\"648\" data-end=\"672\"><p data-start=\"650\" data-end=\"672\"><strong data-start=\"650\" data-end=\"669\">l\u2019expertise ORL<\/strong>,<\/p><\/li><li data-start=\"673\" data-end=\"705\"><p data-start=\"675\" data-end=\"705\"><strong data-start=\"675\" data-end=\"702\">l\u2019hypnose th\u00e9rapeutique<\/strong>,<\/p><\/li><li data-start=\"706\" data-end=\"757\"><p data-start=\"708\" data-end=\"757\"><strong data-start=\"708\" data-end=\"756\">et le travail sur la r\u00e9gulation \u00e9motionnelle<\/strong>.<\/p><\/li><\/ul><p data-start=\"759\" data-end=\"875\">Mon objectif est simple :<br data-start=\"784\" data-end=\"787\" \/><strong data-start=\"787\" data-end=\"875\">vous aider \u00e0 retrouver du calme, du confort auditif et une meilleure qualit\u00e9 de vie.<\/strong><\/p>\t\t\t\t\t\t\t\t<\/div>\n\t\t\t\t<\/div>\n\t\t\t\t\t<\/div>\n\t\t\t\t<\/div>\n\t\t<div class=\"elementor-element elementor-element-f76619e e-flex e-con-boxed e-con e-parent\" data-id=\"f76619e\" data-element_type=\"container\">\n\t\t\t\t\t<div class=\"e-con-inner\">\n\t\t<div class=\"elementor-element elementor-element-c6f782a e-con-full e-flex e-con e-child\" data-id=\"c6f782a\" data-element_type=\"container\">\n\t\t\t\t<div class=\"elementor-element elementor-element-6a13482 elementor-widget elementor-widget-heading\" data-id=\"6a13482\" data-element_type=\"widget\" data-widget_type=\"heading.default\">\n\t\t\t\t\t<h2 class=\"elementor-heading-title elementor-size-default\">Mon approche<\/h2>\t\t\t\t<\/div>\n\t\t\t\t<div class=\"elementor-element elementor-element-9db88f5 elementor-widget elementor-widget-text-editor\" data-id=\"9db88f5\" data-element_type=\"widget\" data-widget_type=\"text-editor.default\">\n\t\t\t\t\t\t\t\t\t<p data-start=\"906\" data-end=\"964\">Je propose un accompagnement personnalis\u00e9 qui repose sur :<\/p><ul data-start=\"966\" data-end=\"1223\"><li data-start=\"966\" data-end=\"1007\"><p data-start=\"968\" data-end=\"1007\">Une \u00e9coute attentive et bienveillante<\/p><\/li><li data-start=\"1008\" data-end=\"1060\"><p data-start=\"1010\" data-end=\"1060\">Une compr\u00e9hension fine du fonctionnement auditif<\/p><\/li><li data-start=\"1061\" data-end=\"1127\"><p data-start=\"1063\" data-end=\"1127\">Des techniques d\u2019hypnose adapt\u00e9es aux probl\u00e9matiques auditives<\/p><\/li><li data-start=\"1128\" data-end=\"1175\"><p data-start=\"1130\" data-end=\"1175\">Des outils concrets \u00e0 utiliser au quotidien<\/p><\/li><li data-start=\"1176\" data-end=\"1223\"><p data-start=\"1178\" data-end=\"1223\">Un suivi progressif qui respecte votre rythme<\/p><\/li><\/ul><p data-start=\"1225\" data-end=\"1361\">Chaque s\u00e9ance est pens\u00e9e pour vous aider \u00e0<br data-start=\"1267\" data-end=\"1270\" \/><strong data-start=\"1270\" data-end=\"1361\">reprendre le contr\u00f4le, retrouver un \u00e9quilibre interne et apaiser <br \/>votre syst\u00e8me auditif.<\/strong><\/p>\t\t\t\t\t\t\t\t<\/div>\n\t\t\t\t<\/div>\n\t\t<div class=\"elementor-element elementor-element-c1616de e-con-full e-flex e-con e-child\" data-id=\"c1616de\" data-element_type=\"container\">\n\t\t\t\t<div class=\"elementor-element elementor-element-e135eb3 elementor-widget elementor-widget-heading\" data-id=\"e135eb3\" data-element_type=\"widget\" data-widget_type=\"heading.default\">\n\t\t\t\t\t<h2 class=\"elementor-heading-title elementor-size-default\">\u00c0 qui s\u2019adresse cet accompagnement ?<\/h2>\t\t\t\t<\/div>\n\t\t\t\t<div class=\"elementor-element elementor-element-9b47d11 elementor-widget elementor-widget-text-editor\" data-id=\"9b47d11\" data-element_type=\"widget\" data-widget_type=\"text-editor.default\">\n\t\t\t\t\t\t\t\t\t<ul><li data-start=\"1416\" data-end=\"1452\"><p data-start=\"1418\" data-end=\"1452\">Personnes souffrant d\u2019acouph\u00e8nes<\/p><\/li><li data-start=\"1453\" data-end=\"1469\"><p data-start=\"1455\" data-end=\"1469\">Hyperacousie<\/p><\/li><li data-start=\"1470\" data-end=\"1494\"><p data-start=\"1472\" data-end=\"1494\">Sensibilit\u00e9 au bruit<\/p><\/li><li data-start=\"1495\" data-end=\"1532\"><p data-start=\"1497\" data-end=\"1532\">Troubles du sommeil li\u00e9s au bruit<\/p><\/li><li data-start=\"1533\" data-end=\"1584\"><p data-start=\"1535\" data-end=\"1584\">Stress, anxi\u00e9t\u00e9, r\u00e9actions \u00e9motionnelles fortes<\/p><\/li><li data-start=\"1585\" data-end=\"1657\"><p data-start=\"1587\" data-end=\"1657\">Peurs associ\u00e9es (claustrophobie, peur du vide, anxi\u00e9t\u00e9 anticipatoire\u2026)<\/p><\/li><\/ul>\t\t\t\t\t\t\t\t<\/div>\n\t\t\t\t<\/div>\n\t\t\t\t\t<\/div>\n\t\t\t\t<\/div>\n\t\t<div class=\"elementor-element elementor-element-49330aa e-flex e-con-boxed e-con e-parent\" data-id=\"49330aa\" data-element_type=\"container\">\n\t\t\t\t\t<div class=\"e-con-inner\">\n\t\t<div class=\"elementor-element elementor-element-5aee713 e-con-full e-flex e-con e-child\" data-id=\"5aee713\" data-element_type=\"container\">\n\t\t\t\t<div class=\"elementor-element elementor-element-1120a60 elementor-widget elementor-widget-heading\" data-id=\"1120a60\" data-element_type=\"widget\" data-widget_type=\"heading.default\">\n\t\t\t\t\t<h2 class=\"elementor-heading-title elementor-size-default\">O\u00f9 je consulte<\/h2>\t\t\t\t<\/div>\n\t\t\t\t<div class=\"elementor-element elementor-element-82d2839 elementor-widget elementor-widget-text-editor\" data-id=\"82d2839\" data-element_type=\"widget\" data-widget_type=\"text-editor.default\">\n\t\t\t\t\t\t\t\t\t<p data-start=\"1690\" data-end=\"1708\">Je vous re\u00e7ois :<\/p><p data-start=\"1690\" data-end=\"1708\">\ud83d\udccd A Annecy et environs<br \/>\ud83d\udccd A Toulon et environs<\/p><p data-start=\"1734\" data-end=\"1808\">(selon disponibilit\u00e9)<\/p><p data-start=\"1810\" data-end=\"1873\">\u00a0<\/p>\t\t\t\t\t\t\t\t<\/div>\n\t\t\t\t<\/div>\n\t\t<div class=\"elementor-element elementor-element-d4f1ca8 e-con-full e-flex e-con e-child\" data-id=\"d4f1ca8\" data-element_type=\"container\">\n\t\t\t\t<div class=\"elementor-element elementor-element-3609c2c elementor-widget elementor-widget-heading\" data-id=\"3609c2c\" data-element_type=\"widget\" data-widget_type=\"heading.default\">\n\t\t\t\t\t<h2 class=\"elementor-heading-title elementor-size-default\">Ma philosophie<\/h2>\t\t\t\t<\/div>\n\t\t\t\t<div class=\"elementor-element elementor-element-b0c788a elementor-widget elementor-widget-text-editor\" data-id=\"b0c788a\" data-element_type=\"widget\" data-widget_type=\"text-editor.default\">\n\t\t\t\t\t\t\t\t\t<p data-start=\"1906\" data-end=\"1977\">Accompagner, c\u2019est avant tout comprendre la personne dans sa globalit\u00e9.<\/p><p data-start=\"1979\" data-end=\"2031\">Chaque s\u00e9ance est un espace d\u00e9di\u00e9 o\u00f9 vous pouvez :<\/p><ul><li data-start=\"2034\" data-end=\"2061\">retrouver de la s\u00e9curit\u00e9,<\/li><li data-start=\"2034\" data-end=\"2061\">apaiser votre syst\u00e8me nerveux,<\/li><li data-start=\"2034\" data-end=\"2061\">reprogrammer vos r\u00e9actions automatiques,<\/li><li data-start=\"2034\" data-end=\"2061\">et r\u00e9apprendre \u00e0 vivre avec plus de calme et de l\u00e9g\u00e8ret\u00e9.<\/li><li style=\"list-style-type: none;\">\u00a0<\/li><\/ul>\t\t\t\t\t\t\t\t<\/div>\n\t\t\t\t<\/div>\n\t\t\t\t\t<\/div>\n\t\t\t\t<\/div>\n\t\t\t\t<\/div>\n\t\t","protected":false},"excerpt":{"rendered":"<p>Qui suis-je ? Je m\u2019appelle Guilaine de Smet, praticienne en hypnose et sp\u00e9cialis\u00e9e dans l\u2019accompagnement des personnes souffrant d\u2019acouph\u00e8nes, d\u2019hyperacousie et de troubles ORL associ\u00e9s. Apr\u00e8s plus de 25 ans d\u2019exp\u00e9rience aupr\u00e8s de patients, j\u2019ai d\u00e9velopp\u00e9 une approche globale qui allie : l\u2019expertise ORL, l\u2019hypnose th\u00e9rapeutique, et le travail sur la r\u00e9gulation \u00e9motionnelle. Mon objectif [&hellip;]<\/p>\n","protected":false},"author":1,"featured_media":0,"parent":0,"menu_order":0,"comment_status":"closed","ping_status":"closed","template":"","meta":{"ocean_post_layout":"","ocean_both_sidebars_style":"","ocean_both_sidebars_content_width":0,"ocean_both_sidebars_sidebars_width":0,"ocean_sidebar":"","ocean_second_sidebar":"","ocean_disable_margins":"enable","ocean_add_body_class":"","ocean_shortcode_before_top_bar":"","ocean_shortcode_after_top_bar":"","ocean_shortcode_before_header":"","ocean_shortcode_after_header":"","ocean_has_shortcode":"","ocean_shortcode_after_title":"","ocean_shortcode_before_footer_widgets":"","ocean_shortcode_after_footer_widgets":"","ocean_shortcode_before_footer_bottom":"","ocean_shortcode_after_footer_bottom":"","ocean_display_top_bar":"default","ocean_display_header":"default","ocean_header_style":"","ocean_center_header_left_menu":"","ocean_custom_header_template":"","ocean_custom_logo":0,"ocean_custom_retina_logo":0,"ocean_custom_logo_max_width":0,"ocean_custom_logo_tablet_max_width":0,"ocean_custom_logo_mobile_max_width":0,"ocean_custom_logo_max_height":0,"ocean_custom_logo_tablet_max_height":0,"ocean_custom_logo_mobile_max_height":0,"ocean_header_custom_menu":"","ocean_menu_typo_font_family":"","ocean_menu_typo_font_subset":"","ocean_menu_typo_font_size":0,"ocean_menu_typo_font_size_tablet":0,"ocean_menu_typo_font_size_mobile":0,"ocean_menu_typo_font_size_unit":"px","ocean_menu_typo_font_weight":"","ocean_menu_typo_font_weight_tablet":"","ocean_menu_typo_font_weight_mobile":"","ocean_menu_typo_transform":"","ocean_menu_typo_transform_tablet":"","ocean_menu_typo_transform_mobile":"","ocean_menu_typo_line_height":0,"ocean_menu_typo_line_height_tablet":0,"ocean_menu_typo_line_height_mobile":0,"ocean_menu_typo_line_height_unit":"","ocean_menu_typo_spacing":0,"ocean_menu_typo_spacing_tablet":0,"ocean_menu_typo_spacing_mobile":0,"ocean_menu_typo_spacing_unit":"","ocean_menu_link_color":"","ocean_menu_link_color_hover":"","ocean_menu_link_color_active":"","ocean_menu_link_background":"","ocean_menu_link_hover_background":"","ocean_menu_link_active_background":"","ocean_menu_social_links_bg":"","ocean_menu_social_hover_links_bg":"","ocean_menu_social_links_color":"","ocean_menu_social_hover_links_color":"","ocean_disable_title":"default","ocean_disable_heading":"default","ocean_post_title":"","ocean_post_subheading":"","ocean_post_title_style":"","ocean_post_title_background_color":"","ocean_post_title_background":0,"ocean_post_title_bg_image_position":"","ocean_post_title_bg_image_attachment":"","ocean_post_title_bg_image_repeat":"","ocean_post_title_bg_image_size":"","ocean_post_title_height":0,"ocean_post_title_bg_overlay":0.5,"ocean_post_title_bg_overlay_color":"","ocean_disable_breadcrumbs":"default","ocean_breadcrumbs_color":"","ocean_breadcrumbs_separator_color":"","ocean_breadcrumbs_links_color":"","ocean_breadcrumbs_links_hover_color":"","ocean_display_footer_widgets":"default","ocean_display_footer_bottom":"default","ocean_custom_footer_template":"","footnotes":""},"class_list":["post-459","page","type-page","status-publish","hentry","entry"],"_links":{"self":[{"href":"https:\/\/mieux-vivre-acouphenes.fr\/index.php?rest_route=\/wp\/v2\/pages\/459","targetHints":{"allow":["GET"]}}],"collection":[{"href":"https:\/\/mieux-vivre-acouphenes.fr\/index.php?rest_route=\/wp\/v2\/pages"}],"about":[{"href":"https:\/\/mieux-vivre-acouphenes.fr\/index.php?rest_route=\/wp\/v2\/types\/page"}],"author":[{"embeddable":true,"href":"https:\/\/mieux-vivre-acouphenes.fr\/index.php?rest_route=\/wp\/v2\/users\/1"}],"replies":[{"embeddable":true,"href":"https:\/\/mieux-vivre-acouphenes.fr\/index.php?rest_route=%2Fwp%2Fv2%2Fcomments&post=459"}],"version-history":[{"count":55,"href":"https:\/\/mieux-vivre-acouphenes.fr\/index.php?rest_route=\/wp\/v2\/pages\/459\/revisions"}],"predecessor-version":[{"id":783,"href":"https:\/\/mieux-vivre-acouphenes.fr\/index.php?rest_route=\/wp\/v2\/pages\/459\/revisions\/783"}],"wp:attachment":[{"href":"https:\/\/mieux-vivre-acouphenes.fr\/index.php?rest_route=%2Fwp%2Fv2%2Fmedia&parent=459"}],"curies":[{"name":"wp","href":"https:\/\/api.w.org\/{rel}","templated":true}]}}