{"id":524,"date":"2025-12-18T08:59:54","date_gmt":"2025-12-18T08:59:54","guid":{"rendered":"https:\/\/mieux-vivre-acouphenes.fr\/?page_id=524"},"modified":"2025-12-19T08:30:49","modified_gmt":"2025-12-19T08:30:49","slug":"accueil","status":"publish","type":"page","link":"https:\/\/mieux-vivre-acouphenes.fr\/","title":{"rendered":"Accueil"},"content":{"rendered":"\t\t<div data-elementor-type=\"wp-page\" data-elementor-id=\"524\" class=\"elementor elementor-524\" data-elementor-post-type=\"page\">\n\t\t\t\t<div class=\"elementor-element elementor-element-cd2c668 e-flex e-con-boxed e-con e-parent\" data-id=\"cd2c668\" data-element_type=\"container\">\n\t\t\t\t\t<div class=\"e-con-inner\">\n\t\t\t\t<div class=\"elementor-element elementor-element-b000a54 elementor-widget elementor-widget-image\" data-id=\"b000a54\" data-element_type=\"widget\" data-widget_type=\"image.default\">\n\t\t\t\t\t\t\t\t\t\t\t\t<figure class=\"wp-caption\">\n\t\t\t\t\t\t\t\t\t\t<img fetchpriority=\"high\" decoding=\"async\" width=\"1050\" height=\"600\" src=\"https:\/\/mieux-vivre-acouphenes.fr\/wp-content\/uploads\/2025\/12\/logo-11.png\" class=\"attachment-full size-full wp-image-583\" alt=\"\" srcset=\"https:\/\/mieux-vivre-acouphenes.fr\/wp-content\/uploads\/2025\/12\/logo-11.png 1050w, https:\/\/mieux-vivre-acouphenes.fr\/wp-content\/uploads\/2025\/12\/logo-11-300x171.png 300w, https:\/\/mieux-vivre-acouphenes.fr\/wp-content\/uploads\/2025\/12\/logo-11-1024x585.png 1024w, https:\/\/mieux-vivre-acouphenes.fr\/wp-content\/uploads\/2025\/12\/logo-11-768x439.png 768w\" sizes=\"(max-width: 1050px) 100vw, 1050px\" \/>\t\t\t\t\t\t\t\t\t\t\t<figcaption class=\"widget-image-caption wp-caption-text\"><\/figcaption>\n\t\t\t\t\t\t\t\t\t\t<\/figure>\n\t\t\t\t\t\t\t\t\t<\/div>\n\t\t\t\t\t<\/div>\n\t\t\t\t<\/div>\n\t\t<div class=\"elementor-element elementor-element-a3d326b e-flex e-con-boxed e-con e-parent\" data-id=\"a3d326b\" data-element_type=\"container\">\n\t\t\t\t\t<div class=\"e-con-inner\">\n\t\t\t\t<div class=\"elementor-element elementor-element-3dcada5 elementor-widget elementor-widget-heading\" data-id=\"3dcada5\" data-element_type=\"widget\" data-widget_type=\"heading.default\">\n\t\t\t\t\t<h2 class=\"elementor-heading-title elementor-size-default\">La communion de l'ORL et de l'hypnose pour apaiser votre quotidien auditif<\/h2>\t\t\t\t<\/div>\n\t\t\t\t\t<\/div>\n\t\t\t\t<\/div>\n\t\t<div class=\"elementor-element elementor-element-84a5788 e-flex e-con-boxed e-con e-parent\" data-id=\"84a5788\" data-element_type=\"container\">\n\t\t\t\t\t<div class=\"e-con-inner\">\n\t\t<div class=\"elementor-element elementor-element-77fadec e-con-full e-flex e-con e-child\" data-id=\"77fadec\" data-element_type=\"container\">\n\t\t\t\t<div class=\"elementor-element elementor-element-8f4b979 elementor-widget elementor-widget-heading\" data-id=\"8f4b979\" data-element_type=\"widget\" data-widget_type=\"heading.default\">\n\t\t\t\t\t<h2 class=\"elementor-heading-title elementor-size-default\">Pourquoi consulter ?<\/h2>\t\t\t\t<\/div>\n\t\t\t\t<div class=\"elementor-element elementor-element-7a4965d elementor-widget elementor-widget-text-editor\" data-id=\"7a4965d\" data-element_type=\"widget\" data-widget_type=\"text-editor.default\">\n\t\t\t\t\t\t\t\t\t<p class=\"western\">Les acouph\u00e8nes, l\u2019hyperacousie ou certaines peurs associ\u00e9es (claustrophobie, peur du vide, anxi\u00e9t\u00e9) peuvent rapidement impacter la qualit\u00e9 de vie.<br \/>L\u2019hypnose vous aide \u00e0 d\u00e9velopper des ressources internes pour r\u00e9duire l\u2019inconfort et retrouver un meilleur \u00e9quilibre.<\/p><ul><li class=\"western\">Mieux vivre avec les acouph\u00e8nes<\/li><li class=\"western\">Diminuer les r\u00e9actions \u00e9motionnelles et physiques<\/li><li class=\"western\">Reprendre le contr\u00f4le de votre confort auditif<\/li><\/ul>\t\t\t\t\t\t\t\t<\/div>\n\t\t\t\t<div class=\"elementor-element elementor-element-bbcbc36 elementor-widget elementor-widget-text-editor\" data-id=\"bbcbc36\" data-element_type=\"widget\" data-widget_type=\"text-editor.default\">\n\t\t\t\t\t\t\t\t\t<p class=\"western\">Une approche combinant expertise ORL et hypnose th\u00e9rapeutique pour vous aider \u00e0 retrouver du calme et du confort auditif.<\/p>\t\t\t\t\t\t\t\t<\/div>\n\t\t\t\t<div class=\"elementor-element elementor-element-c2458ec elementor-widget elementor-widget-text-editor\" data-id=\"c2458ec\" data-element_type=\"widget\" data-widget_type=\"text-editor.default\">\n\t\t\t\t\t\t\t\t\t<blockquote class=\"western\"><p><em>\u00ab Un espoir de vivre mieux se cache en vous. \u00bb <\/em>\u00a0G. De Smet<\/p><\/blockquote>\t\t\t\t\t\t\t\t<\/div>\n\t\t\t\t<\/div>\n\t\t<div class=\"elementor-element elementor-element-3382038 e-con-full e-flex e-con e-child\" data-id=\"3382038\" data-element_type=\"container\">\n\t\t\t\t<div class=\"elementor-element elementor-element-30f28ed elementor-widget elementor-widget-image\" data-id=\"30f28ed\" data-element_type=\"widget\" data-widget_type=\"image.default\">\n\t\t\t\t\t\t\t\t\t\t\t\t\t\t\t<img decoding=\"async\" width=\"465\" height=\"554\" src=\"https:\/\/mieux-vivre-acouphenes.fr\/wp-content\/uploads\/2025\/12\/mer4.png\" class=\"attachment-full size-full wp-image-399\" alt=\"\" srcset=\"https:\/\/mieux-vivre-acouphenes.fr\/wp-content\/uploads\/2025\/12\/mer4.png 465w, https:\/\/mieux-vivre-acouphenes.fr\/wp-content\/uploads\/2025\/12\/mer4-252x300.png 252w\" sizes=\"(max-width: 465px) 100vw, 465px\" \/>\t\t\t\t\t\t\t\t\t\t\t\t\t\t\t<\/div>\n\t\t\t\t<\/div>\n\t\t\t\t\t<\/div>\n\t\t\t\t<\/div>\n\t\t<div class=\"elementor-element elementor-element-a12da61 e-flex e-con-boxed e-con e-parent\" data-id=\"a12da61\" data-element_type=\"container\">\n\t\t\t\t\t<div class=\"e-con-inner\">\n\t\t<div class=\"elementor-element elementor-element-ed01346 e-con-full e-flex e-con e-child\" data-id=\"ed01346\" data-element_type=\"container\">\n\t\t\t\t<div class=\"elementor-element elementor-element-98b9cfb elementor-widget elementor-widget-image\" data-id=\"98b9cfb\" data-element_type=\"widget\" data-widget_type=\"image.default\">\n\t\t\t\t\t\t\t\t\t\t\t\t\t\t\t<img decoding=\"async\" width=\"350\" height=\"423\" src=\"https:\/\/mieux-vivre-acouphenes.fr\/wp-content\/uploads\/2025\/12\/guilaine2.png\" class=\"attachment-large size-large wp-image-380\" alt=\"\" srcset=\"https:\/\/mieux-vivre-acouphenes.fr\/wp-content\/uploads\/2025\/12\/guilaine2.png 350w, https:\/\/mieux-vivre-acouphenes.fr\/wp-content\/uploads\/2025\/12\/guilaine2-248x300.png 248w\" sizes=\"(max-width: 350px) 100vw, 350px\" \/>\t\t\t\t\t\t\t\t\t\t\t\t\t\t\t<\/div>\n\t\t\t\t<\/div>\n\t\t<div class=\"elementor-element elementor-element-155872b e-con-full e-flex e-con e-child\" data-id=\"155872b\" data-element_type=\"container\">\n\t\t\t\t<div class=\"elementor-element elementor-element-ae0edba elementor-widget elementor-widget-heading\" data-id=\"ae0edba\" data-element_type=\"widget\" data-widget_type=\"heading.default\">\n\t\t\t\t\t<h2 class=\"elementor-heading-title elementor-size-default\">Qui suis-je ?<\/h2>\t\t\t\t<\/div>\n\t\t\t\t<div class=\"elementor-element elementor-element-5c353c2 elementor-widget elementor-widget-text-editor\" data-id=\"5c353c2\" data-element_type=\"widget\" data-widget_type=\"text-editor.default\">\n\t\t\t\t\t\t\t\t\t<p class=\"western\">M\u00e9decin ORL depuis plus de 40 ans, j\u2019ai accompagn\u00e9 de nombreux patients souffrant d\u2019acouph\u00e8nes et d\u2019hyperacousie. Face aux limites des approches m\u00e9dicales classiques, j\u2019ai cherch\u00e9 des solutions compl\u00e9mentaires permettant de mieux vivre ces sympt\u00f4mes.<\/p><p class=\"western\">Je me suis form\u00e9e \u00e0 diff\u00e9rentes approches d\u2019hypnose, en France et \u00e0 l\u2019\u00e9tranger, chacune proposant une vision sp\u00e9cifique que j\u2019ai int\u00e9gr\u00e9e \u00e0 ma pratique.<\/p><p class=\"western\">Aujourd\u2019hui, j\u2019accompagne les personnes qui souhaitent :<\/p><ul><li>apaiser leurs acouph\u00e8nes<\/li><li>mieux g\u00e9rer l\u2019hyperacousie<\/li><li>d\u00e9passer certaines peurs (claustrophobie, peur du vide\u2026),<\/li><li>r\u00e9duire les tensions \u00e9motionnelles li\u00e9es au stress auditif.<\/li><\/ul><p>Je suis \u00e9galement adh\u00e9rente \u00e0 <strong>France Acouph\u00e8nes<\/strong>, ce qui me permet de rester connect\u00e9e aux avanc\u00e9es et aux besoins des personnes concern\u00e9es.<\/p>\t\t\t\t\t\t\t\t<\/div>\n\t\t\t\t<\/div>\n\t\t\t\t\t<\/div>\n\t\t\t\t<\/div>\n\t\t<div class=\"elementor-element elementor-element-ba64139 e-flex e-con-boxed e-con e-parent\" data-id=\"ba64139\" data-element_type=\"container\">\n\t\t\t\t\t<div class=\"e-con-inner\">\n\t\t<div class=\"elementor-element elementor-element-99a0de3 e-con-full e-flex e-con e-child\" data-id=\"99a0de3\" data-element_type=\"container\">\n\t\t\t\t<div class=\"elementor-element elementor-element-7dc46aa elementor-widget elementor-widget-heading\" data-id=\"7dc46aa\" data-element_type=\"widget\" data-widget_type=\"heading.default\">\n\t\t\t\t\t<h2 class=\"elementor-heading-title elementor-size-default\">Pourquoi l\u2019hypnose pour les acouph\u00e8nes ?<\/h2>\t\t\t\t<\/div>\n\t\t\t\t<div class=\"elementor-element elementor-element-b602eba elementor-widget elementor-widget-text-editor\" data-id=\"b602eba\" data-element_type=\"widget\" data-widget_type=\"text-editor.default\">\n\t\t\t\t\t\t\t\t\t<p class=\"western\">L\u2019hypnose ne supprime pas les acouph\u00e8nes, mais elle permet d\u2019agir sur :<\/p><ul><li class=\"western\">la perception du son,<\/li><li class=\"western\">les r\u00e9actions \u00e9motionnelles,<\/li><li class=\"western\">les tensions physiques,<\/li><li class=\"western\">l\u2019hypervigilance auditive,<\/li><li class=\"western\">les peurs associ\u00e9es.<\/li><\/ul><p>Progressivement, les patients retrouvent davantage de calme int\u00e9rieur et une qualit\u00e9 de vie am\u00e9lior\u00e9e.<\/p><p class=\"western\"><strong>Ce que l\u2019hypnose peut vous apporter<\/strong><\/p><ul><li class=\"western\">R\u00e9duire l\u2019impact \u00e9motionnel<\/li><li class=\"western\">Diminuer l\u2019attention port\u00e9e au son<\/li><li class=\"western\">Apprendre \u00e0 rel\u00e2cher les tensions internes<\/li><li class=\"western\">Mieux vivre les moments difficiles<\/li><li class=\"western\">Retrouver un sentiment de s\u00e9curit\u00e9<\/li><\/ul><p class=\"western\"><strong>Autres probl\u00e9matiques accompagn\u00e9es<\/strong><\/p><ul><li>Hyperacousie<\/li><li>Claustrophobie<\/li><li>Peur du vide<\/li><li>Stress \/ anxi\u00e9t\u00e9<\/li><li>Troubles du sommeil li\u00e9s \u00e0 l\u2019inconfort auditif<\/li><\/ul>\t\t\t\t\t\t\t\t<\/div>\n\t\t\t\t<\/div>\n\t\t<div class=\"elementor-element elementor-element-a7d91d0 e-con-full e-flex e-con e-child\" data-id=\"a7d91d0\" data-element_type=\"container\">\n\t\t\t\t<div class=\"elementor-element elementor-element-ab76c9d elementor-widget elementor-widget-image\" data-id=\"ab76c9d\" data-element_type=\"widget\" data-widget_type=\"image.default\">\n\t\t\t\t\t\t\t\t\t\t\t\t\t\t\t<img loading=\"lazy\" decoding=\"async\" width=\"487\" height=\"761\" src=\"https:\/\/mieux-vivre-acouphenes.fr\/wp-content\/uploads\/2025\/12\/vague2.png\" class=\"attachment-large size-large wp-image-403\" alt=\"\" srcset=\"https:\/\/mieux-vivre-acouphenes.fr\/wp-content\/uploads\/2025\/12\/vague2.png 487w, https:\/\/mieux-vivre-acouphenes.fr\/wp-content\/uploads\/2025\/12\/vague2-192x300.png 192w\" sizes=\"(max-width: 487px) 100vw, 487px\" \/>\t\t\t\t\t\t\t\t\t\t\t\t\t\t\t<\/div>\n\t\t\t\t<\/div>\n\t\t\t\t\t<\/div>\n\t\t\t\t<\/div>\n\t\t<div class=\"elementor-element elementor-element-caeed4d e-flex e-con-boxed e-con e-parent\" data-id=\"caeed4d\" data-element_type=\"container\">\n\t\t\t\t\t<div class=\"e-con-inner\">\n\t\t<div class=\"elementor-element elementor-element-6731b6b e-con-full e-flex e-con e-child\" data-id=\"6731b6b\" data-element_type=\"container\">\n\t\t\t\t<div class=\"elementor-element elementor-element-586c160 elementor-widget elementor-widget-image\" data-id=\"586c160\" data-element_type=\"widget\" data-widget_type=\"image.default\">\n\t\t\t\t\t\t\t\t\t\t\t\t\t\t\t<img loading=\"lazy\" decoding=\"async\" width=\"500\" height=\"500\" src=\"https:\/\/mieux-vivre-acouphenes.fr\/wp-content\/uploads\/2025\/12\/hypnose2.png\" class=\"attachment-large size-large wp-image-689\" alt=\"\" srcset=\"https:\/\/mieux-vivre-acouphenes.fr\/wp-content\/uploads\/2025\/12\/hypnose2.png 500w, https:\/\/mieux-vivre-acouphenes.fr\/wp-content\/uploads\/2025\/12\/hypnose2-300x300.png 300w, https:\/\/mieux-vivre-acouphenes.fr\/wp-content\/uploads\/2025\/12\/hypnose2-150x150.png 150w\" sizes=\"(max-width: 500px) 100vw, 500px\" \/>\t\t\t\t\t\t\t\t\t\t\t\t\t\t\t<\/div>\n\t\t\t\t<\/div>\n\t\t<div class=\"elementor-element elementor-element-6e39698 e-con-full e-flex e-con e-child\" data-id=\"6e39698\" data-element_type=\"container\">\n\t\t\t\t<div class=\"elementor-element elementor-element-1f82aa2 elementor-widget elementor-widget-heading\" data-id=\"1f82aa2\" data-element_type=\"widget\" data-widget_type=\"heading.default\">\n\t\t\t\t\t<h2 class=\"elementor-heading-title elementor-size-default\">Comment se d\u00e9roule une s\u00e9ance ?<\/h2>\t\t\t\t<\/div>\n\t\t\t\t<div class=\"elementor-element elementor-element-aa7fc69 elementor-widget elementor-widget-text-editor\" data-id=\"aa7fc69\" data-element_type=\"widget\" data-widget_type=\"text-editor.default\">\n\t\t\t\t\t\t\t\t\t<p class=\"western\">Une s\u00e9ance dure environ <strong>30 minutes<\/strong>.<br \/>Tarif : <strong>50 \u20ac<\/strong><\/p><p class=\"western\">La s\u00e9ance se d\u00e9roule en trois temps :<\/p><ul><li><strong>\u00c9change<\/strong> sur vos ressentis, votre v\u00e9cu, vos objectifs.<\/li><li><strong>Exercice d\u2019hypnose<\/strong> adapt\u00e9 \u00e0 votre situation.<\/li><li><strong>Int\u00e9gration<\/strong> : comment utiliser vos ressources au quotidien.<\/li><\/ul><p>La plupart des personnes constatent une \u00e9volution en <strong>3 s\u00e9ances<\/strong> (variable selon chacun).<\/p>\t\t\t\t\t\t\t\t<\/div>\n\t\t\t\t<\/div>\n\t\t\t\t\t<\/div>\n\t\t\t\t<\/div>\n\t\t<div class=\"elementor-element elementor-element-44b7aec e-flex e-con-boxed e-con e-parent\" data-id=\"44b7aec\" data-element_type=\"container\">\n\t\t\t\t\t<div class=\"e-con-inner\">\n\t\t<div class=\"elementor-element elementor-element-71386e5 e-con-full e-flex e-con e-child\" data-id=\"71386e5\" data-element_type=\"container\">\n\t\t\t\t<div class=\"elementor-element elementor-element-0042881 elementor-widget elementor-widget-heading\" data-id=\"0042881\" data-element_type=\"widget\" data-widget_type=\"heading.default\">\n\t\t\t\t\t<h2 class=\"elementor-heading-title elementor-size-default\">Me contacter<\/h2>\t\t\t\t<\/div>\n\t\t\t\t<\/div>\n\t\t<div class=\"elementor-element elementor-element-710dd68 e-con-full e-flex e-con e-child\" data-id=\"710dd68\" data-element_type=\"container\">\n\t\t\t\t<div class=\"elementor-element elementor-element-2e360ac elementor-widget elementor-widget-text-editor\" data-id=\"2e360ac\" data-element_type=\"widget\" data-widget_type=\"text-editor.default\">\n\t\t\t\t\t\t\t\t\t<p class=\"western\">Je consulte :<br \/>\ud83d\udccd A Annecy et environs<br \/>\ud83d\udccd A Toulon et environs<\/p><p class=\"western\">\ud83d\udccd Sur rendez-vous uniquement<\/p><p class=\"western\"><strong>T\u00e9l\u00e9phone :<\/strong> 06 82 24 54 90<br \/><strong>Mail :<\/strong> guilaine.de_smet@hotmail.com<\/p>\t\t\t\t\t\t\t\t<\/div>\n\t\t\t\t<\/div>\n\t\t\t\t\t<\/div>\n\t\t\t\t<\/div>\n\t\t\t\t<\/div>\n\t\t","protected":false},"excerpt":{"rendered":"<p>La communion de l&rsquo;ORL et de l&rsquo;hypnose pour apaiser votre quotidien auditif Pourquoi consulter ? Les acouph\u00e8nes, l\u2019hyperacousie ou certaines peurs associ\u00e9es (claustrophobie, peur du vide, anxi\u00e9t\u00e9) peuvent rapidement impacter la qualit\u00e9 de vie.L\u2019hypnose vous aide \u00e0 d\u00e9velopper des ressources internes pour r\u00e9duire l\u2019inconfort et retrouver un meilleur \u00e9quilibre. Mieux vivre avec les acouph\u00e8nes Diminuer [&hellip;]<\/p>\n","protected":false},"author":1,"featured_media":0,"parent":0,"menu_order":0,"comment_status":"closed","ping_status":"closed","template":"","meta":{"ocean_post_layout":"","ocean_both_sidebars_style":"","ocean_both_sidebars_content_width":0,"ocean_both_sidebars_sidebars_width":0,"ocean_sidebar":"","ocean_second_sidebar":"","ocean_disable_margins":"enable","ocean_add_body_class":"","ocean_shortcode_before_top_bar":"","ocean_shortcode_after_top_bar":"","ocean_shortcode_before_header":"","ocean_shortcode_after_header":"","ocean_has_shortcode":"","ocean_shortcode_after_title":"","ocean_shortcode_before_footer_widgets":"","ocean_shortcode_after_footer_widgets":"","ocean_shortcode_before_footer_bottom":"","ocean_shortcode_after_footer_bottom":"","ocean_display_top_bar":"default","ocean_display_header":"default","ocean_header_style":"","ocean_center_header_left_menu":"","ocean_custom_header_template":"","ocean_custom_logo":0,"ocean_custom_retina_logo":0,"ocean_custom_logo_max_width":0,"ocean_custom_logo_tablet_max_width":0,"ocean_custom_logo_mobile_max_width":0,"ocean_custom_logo_max_height":0,"ocean_custom_logo_tablet_max_height":0,"ocean_custom_logo_mobile_max_height":0,"ocean_header_custom_menu":"","ocean_menu_typo_font_family":"","ocean_menu_typo_font_subset":"","ocean_menu_typo_font_size":0,"ocean_menu_typo_font_size_tablet":0,"ocean_menu_typo_font_size_mobile":0,"ocean_menu_typo_font_size_unit":"px","ocean_menu_typo_font_weight":"","ocean_menu_typo_font_weight_tablet":"","ocean_menu_typo_font_weight_mobile":"","ocean_menu_typo_transform":"","ocean_menu_typo_transform_tablet":"","ocean_menu_typo_transform_mobile":"","ocean_menu_typo_line_height":0,"ocean_menu_typo_line_height_tablet":0,"ocean_menu_typo_line_height_mobile":0,"ocean_menu_typo_line_height_unit":"","ocean_menu_typo_spacing":0,"ocean_menu_typo_spacing_tablet":0,"ocean_menu_typo_spacing_mobile":0,"ocean_menu_typo_spacing_unit":"","ocean_menu_link_color":"","ocean_menu_link_color_hover":"","ocean_menu_link_color_active":"","ocean_menu_link_background":"","ocean_menu_link_hover_background":"","ocean_menu_link_active_background":"","ocean_menu_social_links_bg":"","ocean_menu_social_hover_links_bg":"","ocean_menu_social_links_color":"","ocean_menu_social_hover_links_color":"","ocean_disable_title":"default","ocean_disable_heading":"default","ocean_post_title":"","ocean_post_subheading":"","ocean_post_title_style":"","ocean_post_title_background_color":"","ocean_post_title_background":0,"ocean_post_title_bg_image_position":"","ocean_post_title_bg_image_attachment":"","ocean_post_title_bg_image_repeat":"","ocean_post_title_bg_image_size":"","ocean_post_title_height":0,"ocean_post_title_bg_overlay":0.5,"ocean_post_title_bg_overlay_color":"","ocean_disable_breadcrumbs":"default","ocean_breadcrumbs_color":"","ocean_breadcrumbs_separator_color":"","ocean_breadcrumbs_links_color":"","ocean_breadcrumbs_links_hover_color":"","ocean_display_footer_widgets":"default","ocean_display_footer_bottom":"default","ocean_custom_footer_template":"","footnotes":""},"class_list":["post-524","page","type-page","status-publish","hentry","entry"],"_links":{"self":[{"href":"https:\/\/mieux-vivre-acouphenes.fr\/index.php?rest_route=\/wp\/v2\/pages\/524","targetHints":{"allow":["GET"]}}],"collection":[{"href":"https:\/\/mieux-vivre-acouphenes.fr\/index.php?rest_route=\/wp\/v2\/pages"}],"about":[{"href":"https:\/\/mieux-vivre-acouphenes.fr\/index.php?rest_route=\/wp\/v2\/types\/page"}],"author":[{"embeddable":true,"href":"https:\/\/mieux-vivre-acouphenes.fr\/index.php?rest_route=\/wp\/v2\/users\/1"}],"replies":[{"embeddable":true,"href":"https:\/\/mieux-vivre-acouphenes.fr\/index.php?rest_route=%2Fwp%2Fv2%2Fcomments&post=524"}],"version-history":[{"count":190,"href":"https:\/\/mieux-vivre-acouphenes.fr\/index.php?rest_route=\/wp\/v2\/pages\/524\/revisions"}],"predecessor-version":[{"id":780,"href":"https:\/\/mieux-vivre-acouphenes.fr\/index.php?rest_route=\/wp\/v2\/pages\/524\/revisions\/780"}],"wp:attachment":[{"href":"https:\/\/mieux-vivre-acouphenes.fr\/index.php?rest_route=%2Fwp%2Fv2%2Fmedia&parent=524"}],"curies":[{"name":"wp","href":"https:\/\/api.w.org\/{rel}","templated":true}]}}