{"id":736,"date":"2025-12-18T15:56:58","date_gmt":"2025-12-18T15:56:58","guid":{"rendered":"https:\/\/mieux-vivre-acouphenes.fr\/?page_id=736"},"modified":"2025-12-19T08:32:56","modified_gmt":"2025-12-19T08:32:56","slug":"contact-prise-de-rendez-vous","status":"publish","type":"page","link":"https:\/\/mieux-vivre-acouphenes.fr\/?page_id=736","title":{"rendered":"Contact &#8211; Prise de rendez-vous"},"content":{"rendered":"\t\t<div data-elementor-type=\"wp-page\" data-elementor-id=\"736\" class=\"elementor elementor-736\" data-elementor-post-type=\"page\">\n\t\t\t\t<div class=\"elementor-element elementor-element-ee15ba7 e-flex e-con-boxed e-con e-parent\" data-id=\"ee15ba7\" data-element_type=\"container\">\n\t\t\t\t\t<div class=\"e-con-inner\">\n\t\t<div class=\"elementor-element elementor-element-941978d e-con-full e-flex e-con e-child\" data-id=\"941978d\" data-element_type=\"container\">\n\t\t\t\t<div class=\"elementor-element elementor-element-f993f01 elementor-widget elementor-widget-heading\" data-id=\"f993f01\" data-element_type=\"widget\" data-widget_type=\"heading.default\">\n\t\t\t\t\t<h2 class=\"elementor-heading-title elementor-size-default\">Prendre rendez-vous<\/h2>\t\t\t\t<\/div>\n\t\t\t\t<div class=\"elementor-element elementor-element-778b310 elementor-widget elementor-widget-text-editor\" data-id=\"778b310\" data-element_type=\"widget\" data-widget_type=\"text-editor.default\">\n\t\t\t\t\t\t\t\t\t<p data-start=\"2347\" data-end=\"2427\">Pour r\u00e9server une s\u00e9ance ou obtenir des informations, vous pouvez me contacter :<\/p><p data-start=\"2429\" data-end=\"2583\">\ud83d\udce9 <strong data-start=\"2432\" data-end=\"2443\">Email :<\/strong> guilaine.de_smet@hotmail.com<br data-start=\"2498\" data-end=\"2501\" \/>\ud83d\udcde <strong data-start=\"2504\" data-end=\"2519\">T\u00e9l\u00e9phone : <\/strong>06 82 24 54 90<\/p>\t\t\t\t\t\t\t\t<\/div>\n\t\t\t\t<\/div>\n\t\t<div class=\"elementor-element elementor-element-2b5d06a e-con-full e-flex e-con e-child\" data-id=\"2b5d06a\" data-element_type=\"container\">\n\t\t\t\t<div class=\"elementor-element elementor-element-21be630 elementor-widget elementor-widget-heading\" data-id=\"21be630\" data-element_type=\"widget\" data-widget_type=\"heading.default\">\n\t\t\t\t\t<h2 class=\"elementor-heading-title elementor-size-default\">Consultations en pr\u00e9sentiel<\/h2>\t\t\t\t<\/div>\n\t\t\t\t<div class=\"elementor-element elementor-element-2288cb1 elementor-widget elementor-widget-text-editor\" data-id=\"2288cb1\" data-element_type=\"widget\" data-widget_type=\"text-editor.default\">\n\t\t\t\t\t\t\t\t\t<p data-start=\"2629\" data-end=\"2660\">Je vous re\u00e7ois sur deux lieux :<\/p><p data-start=\"2629\" data-end=\"2660\">\ud83d\udccd A Annecy et environs<br \/>\ud83d\udccd A Toulon et environs<\/p><p data-start=\"2781\" data-end=\"2855\">\u27a1 L\u2019adresse pr\u00e9cise sera communiqu\u00e9e <strong data-start=\"2818\" data-end=\"2854\">\u00e0 la confirmation du rendez-vous<\/strong>.<\/p>\t\t\t\t\t\t\t\t<\/div>\n\t\t\t\t<\/div>\n\t\t\t\t\t<\/div>\n\t\t\t\t<\/div>\n\t\t\t\t<\/div>\n\t\t","protected":false},"excerpt":{"rendered":"<p>Prendre rendez-vous Pour r\u00e9server une s\u00e9ance ou obtenir des informations, vous pouvez me contacter : \ud83d\udce9 Email : guilaine.de_smet@hotmail.com\ud83d\udcde T\u00e9l\u00e9phone : 06 82 24 54 90 Consultations en pr\u00e9sentiel Je vous re\u00e7ois sur deux lieux : \ud83d\udccd A Annecy et environs\ud83d\udccd A Toulon et environs \u27a1 L\u2019adresse pr\u00e9cise sera communiqu\u00e9e \u00e0 la confirmation du rendez-vous.<\/p>\n","protected":false},"author":1,"featured_media":0,"parent":0,"menu_order":0,"comment_status":"closed","ping_status":"closed","template":"","meta":{"ocean_post_layout":"","ocean_both_sidebars_style":"","ocean_both_sidebars_content_width":0,"ocean_both_sidebars_sidebars_width":0,"ocean_sidebar":"","ocean_second_sidebar":"","ocean_disable_margins":"enable","ocean_add_body_class":"","ocean_shortcode_before_top_bar":"","ocean_shortcode_after_top_bar":"","ocean_shortcode_before_header":"","ocean_shortcode_after_header":"","ocean_has_shortcode":"","ocean_shortcode_after_title":"","ocean_shortcode_before_footer_widgets":"","ocean_shortcode_after_footer_widgets":"","ocean_shortcode_before_footer_bottom":"","ocean_shortcode_after_footer_bottom":"","ocean_display_top_bar":"default","ocean_display_header":"default","ocean_header_style":"","ocean_center_header_left_menu":"","ocean_custom_header_template":"","ocean_custom_logo":0,"ocean_custom_retina_logo":0,"ocean_custom_logo_max_width":0,"ocean_custom_logo_tablet_max_width":0,"ocean_custom_logo_mobile_max_width":0,"ocean_custom_logo_max_height":0,"ocean_custom_logo_tablet_max_height":0,"ocean_custom_logo_mobile_max_height":0,"ocean_header_custom_menu":"","ocean_menu_typo_font_family":"","ocean_menu_typo_font_subset":"","ocean_menu_typo_font_size":0,"ocean_menu_typo_font_size_tablet":0,"ocean_menu_typo_font_size_mobile":0,"ocean_menu_typo_font_size_unit":"px","ocean_menu_typo_font_weight":"","ocean_menu_typo_font_weight_tablet":"","ocean_menu_typo_font_weight_mobile":"","ocean_menu_typo_transform":"","ocean_menu_typo_transform_tablet":"","ocean_menu_typo_transform_mobile":"","ocean_menu_typo_line_height":0,"ocean_menu_typo_line_height_tablet":0,"ocean_menu_typo_line_height_mobile":0,"ocean_menu_typo_line_height_unit":"","ocean_menu_typo_spacing":0,"ocean_menu_typo_spacing_tablet":0,"ocean_menu_typo_spacing_mobile":0,"ocean_menu_typo_spacing_unit":"","ocean_menu_link_color":"","ocean_menu_link_color_hover":"","ocean_menu_link_color_active":"","ocean_menu_link_background":"","ocean_menu_link_hover_background":"","ocean_menu_link_active_background":"","ocean_menu_social_links_bg":"","ocean_menu_social_hover_links_bg":"","ocean_menu_social_links_color":"","ocean_menu_social_hover_links_color":"","ocean_disable_title":"default","ocean_disable_heading":"default","ocean_post_title":"","ocean_post_subheading":"","ocean_post_title_style":"","ocean_post_title_background_color":"","ocean_post_title_background":0,"ocean_post_title_bg_image_position":"","ocean_post_title_bg_image_attachment":"","ocean_post_title_bg_image_repeat":"","ocean_post_title_bg_image_size":"","ocean_post_title_height":0,"ocean_post_title_bg_overlay":0.5,"ocean_post_title_bg_overlay_color":"","ocean_disable_breadcrumbs":"default","ocean_breadcrumbs_color":"","ocean_breadcrumbs_separator_color":"","ocean_breadcrumbs_links_color":"","ocean_breadcrumbs_links_hover_color":"","ocean_display_footer_widgets":"default","ocean_display_footer_bottom":"default","ocean_custom_footer_template":"","footnotes":""},"class_list":["post-736","page","type-page","status-publish","hentry","entry"],"_links":{"self":[{"href":"https:\/\/mieux-vivre-acouphenes.fr\/index.php?rest_route=\/wp\/v2\/pages\/736","targetHints":{"allow":["GET"]}}],"collection":[{"href":"https:\/\/mieux-vivre-acouphenes.fr\/index.php?rest_route=\/wp\/v2\/pages"}],"about":[{"href":"https:\/\/mieux-vivre-acouphenes.fr\/index.php?rest_route=\/wp\/v2\/types\/page"}],"author":[{"embeddable":true,"href":"https:\/\/mieux-vivre-acouphenes.fr\/index.php?rest_route=\/wp\/v2\/users\/1"}],"replies":[{"embeddable":true,"href":"https:\/\/mieux-vivre-acouphenes.fr\/index.php?rest_route=%2Fwp%2Fv2%2Fcomments&post=736"}],"version-history":[{"count":22,"href":"https:\/\/mieux-vivre-acouphenes.fr\/index.php?rest_route=\/wp\/v2\/pages\/736\/revisions"}],"predecessor-version":[{"id":786,"href":"https:\/\/mieux-vivre-acouphenes.fr\/index.php?rest_route=\/wp\/v2\/pages\/736\/revisions\/786"}],"wp:attachment":[{"href":"https:\/\/mieux-vivre-acouphenes.fr\/index.php?rest_route=%2Fwp%2Fv2%2Fmedia&parent=736"}],"curies":[{"name":"wp","href":"https:\/\/api.w.org\/{rel}","templated":true}]}}